{"id":324512,"date":"2022-01-24T14:15:49","date_gmt":"2022-01-24T14:15:49","guid":{"rendered":"https:\/\/usa.monteiro-pintogoncalvespartners.com\/arbitration-center\/"},"modified":"2022-10-04T13:33:57","modified_gmt":"2022-10-04T13:33:57","slug":"centro-de-arbitragem","status":"publish","type":"page","link":"https:\/\/usa.monteiro-pintogoncalvespartners.com\/pt-pt\/centro-de-arbitragem\/","title":{"rendered":"Centro de Arbitragem"},"content":{"rendered":"<p>[et_pb_section fb_built=&#8221;1&#8243; admin_label=&#8221;Section &#8211; Header BG Image1900x478 Pixels&#8221; _builder_version=&#8221;4.16&#8243; use_background_color_gradient=&#8221;on&#8221; background_color_gradient_stops=&#8221;rgba(1,55,90,0.62) 0%|rgba(1,55,90,0.5) 100%&#8221; background_color_gradient_overlays_image=&#8221;on&#8221; background_color_gradient_start=&#8221;rgba(1,55,90,0.62)&#8221; background_color_gradient_end=&#8221;rgba(1,55,90,0.5)&#8221; background_image=&#8221;https:\/\/monteiro-pintogoncalvespartners.com\/wp-content\/uploads\/2021\/10\/Captura-de-ecra\u0303-2021-10-21-a\u0300s-20.28.51.png&#8221; custom_margin=&#8221;|||&#8221; custom_padding=&#8221;2%||1.9%|&#8221; global_colors_info=&#8221;{}&#8221;][et_pb_row _builder_version=&#8221;4.16&#8243; custom_padding=&#8221;1.8%||2%|||&#8221; global_colors_info=&#8221;{}&#8221;][et_pb_column type=&#8221;4_4&#8243; _builder_version=&#8221;4.16&#8243; custom_padding=&#8221;|||&#8221; global_colors_info=&#8221;{}&#8221; custom_padding__hover=&#8221;|||&#8221;][et_pb_text admin_label=&#8221;Lorem Ipsum&#8221; _builder_version=&#8221;4.16&#8243; text_font=&#8221;Poppins|300||on|||||&#8221; text_text_color=&#8221;#d9b36c&#8221; text_font_size=&#8221;16px&#8221; text_letter_spacing=&#8221;3px&#8221; text_orientation=&#8221;center&#8221; custom_margin=&#8221;1.3%|0%|0%|-0.75%&#8221; custom_margin_tablet=&#8221;0px|0%|0%|0px&#8221; custom_margin_phone=&#8221;&#8221; custom_margin_last_edited=&#8221;on|tablet&#8221; custom_padding=&#8221;100px|0%|1.9%|0%|false|false&#8221; global_colors_info=&#8221;{}&#8221;]<\/p>\n<p class=\"p1\">rgpd<\/p>\n<p>[\/et_pb_text][et_pb_cta title=&#8221;Centro de Arbitragem&#8221; admin_label=&#8221;Contact Page Layout Classic&#8221; _builder_version=&#8221;4.18.0&#8243; header_font=&#8221;Cinzel||||||||&#8221; header_text_align=&#8221;center&#8221; header_text_color=&#8221;#ffffff&#8221; header_font_size=&#8221;60&#8243; header_line_height=&#8221;120%&#8221; use_background_color=&#8221;off&#8221; hover_enabled=&#8221;0&#8243; header_font_size_tablet=&#8221;40&#8243; header_font_size_phone=&#8221;28&#8243; header_font_size_last_edited=&#8221;on|phone&#8221; custom_css_promo_description=&#8221; padding-bottom: 0 !important;&#8221; custom_css_promo_title=&#8221;font-weight: 400;|| padding-bottom: 0 !important;&#8221; global_colors_info=&#8221;{}&#8221; button_text_size__hover_enabled=&#8221;off&#8221; button_text_size__hover=&#8221;null&#8221; button_one_text_size__hover_enabled=&#8221;off&#8221; button_one_text_size__hover=&#8221;null&#8221; button_two_text_size__hover_enabled=&#8221;off&#8221; button_two_text_size__hover=&#8221;null&#8221; button_text_color__hover_enabled=&#8221;off&#8221; button_text_color__hover=&#8221;null&#8221; button_one_text_color__hover_enabled=&#8221;off&#8221; button_one_text_color__hover=&#8221;null&#8221; button_two_text_color__hover_enabled=&#8221;off&#8221; button_two_text_color__hover=&#8221;null&#8221; button_border_width__hover_enabled=&#8221;off&#8221; button_border_width__hover=&#8221;null&#8221; button_one_border_width__hover_enabled=&#8221;off&#8221; button_one_border_width__hover=&#8221;null&#8221; button_two_border_width__hover_enabled=&#8221;off&#8221; button_two_border_width__hover=&#8221;null&#8221; button_border_color__hover_enabled=&#8221;off&#8221; button_border_color__hover=&#8221;null&#8221; button_one_border_color__hover_enabled=&#8221;off&#8221; button_one_border_color__hover=&#8221;null&#8221; button_two_border_color__hover_enabled=&#8221;off&#8221; button_two_border_color__hover=&#8221;null&#8221; button_border_radius__hover_enabled=&#8221;off&#8221; button_border_radius__hover=&#8221;null&#8221; button_one_border_radius__hover_enabled=&#8221;off&#8221; button_one_border_radius__hover=&#8221;null&#8221; button_two_border_radius__hover_enabled=&#8221;off&#8221; button_two_border_radius__hover=&#8221;null&#8221; button_letter_spacing__hover_enabled=&#8221;off&#8221; button_letter_spacing__hover=&#8221;null&#8221; button_one_letter_spacing__hover_enabled=&#8221;off&#8221; button_one_letter_spacing__hover=&#8221;null&#8221; button_two_letter_spacing__hover_enabled=&#8221;off&#8221; button_two_letter_spacing__hover=&#8221;null&#8221; button_bg_color__hover_enabled=&#8221;off&#8221; button_bg_color__hover=&#8221;null&#8221; button_one_bg_color__hover_enabled=&#8221;off&#8221; button_one_bg_color__hover=&#8221;null&#8221; button_two_bg_color__hover_enabled=&#8221;off&#8221; button_two_bg_color__hover=&#8221;null&#8221; sticky_enabled=&#8221;0&#8243;][\/et_pb_cta][\/et_pb_column][\/et_pb_row][\/et_pb_section][et_pb_section fb_built=&#8221;1&#8243; _builder_version=&#8221;4.16&#8243; _module_preset=&#8221;default&#8221; custom_padding=&#8221;20px|||||&#8221; global_colors_info=&#8221;{}&#8221;][et_pb_row _builder_version=&#8221;4.16&#8243; _module_preset=&#8221;default&#8221; max_width=&#8221;1249px&#8221; custom_padding=&#8221;53px|||||&#8221; global_colors_info=&#8221;{}&#8221;][et_pb_column type=&#8221;4_4&#8243; _builder_version=&#8221;4.16&#8243; _module_preset=&#8221;default&#8221; global_colors_info=&#8221;{}&#8221;][et_pb_text _builder_version=&#8221;4.18.0&#8243; _module_preset=&#8221;default&#8221; text_font=&#8221;Poppins|300|||||||&#8221; text_text_color=&#8221;#000000&#8243; text_font_size=&#8221;15px&#8221; hover_enabled=&#8221;0&#8243; global_colors_info=&#8221;{}&#8221; sticky_enabled=&#8221;0&#8243;]<\/p>\n<p>Em caso de lit\u00edgio o consumidor pode recorrer a uma Entidade de Resolu\u00e7\u00e3o Alternativa de Lit\u00edgios de Consumo.\u00a0<\/p>\n<p>Pode consultar a lista das entidades aqui\u00a0<a href=\"https:\/\/www.consumidor.gov.pt\/parceiros\/sistema-de-defesa-do-consumidor\/entidades-de-resolucao-alternativa-de-litigios-de-consumo\/ral-mapa-e-lista-de-entidades.aspx\">https:\/\/www.consumidor.gov.pt\/parceiros\/sistema-de-defesa-do-consumidor\/entidades-de-resolucao-alternativa-de-litigios-de-consumo\/ral-mapa-e-lista-de-entidades.aspx<\/a><\/p>\n<p>Mais informa\u00e7\u00f5es em Portal do Consumidor\u00a0<a href=\"http:\/\/www.consumidor.gov.pt\/\">www.consumidor.gov.pt<\/a><\/p>\n<p>[\/et_pb_text][\/et_pb_column][\/et_pb_row][\/et_pb_section][et_pb_section fb_built=&#8221;1&#8243; admin_label=&#8221;Section &#8211; Ps Subscribe Footer&#8221; module_class=&#8221;pixel-footer1&#8243; _builder_version=&#8221;4.16&#8243; background_color=&#8221;#01375a&#8221; vertical_offset_tablet=&#8221;0&#8243; horizontal_offset_tablet=&#8221;0&#8243; custom_margin=&#8221;||-200px||false|false&#8221; custom_padding=&#8221;0px||0px|&#8221; custom_css_main_element=&#8221; overflow: hidden;&#8221; box_shadow_horizontal_tablet=&#8221;0px&#8221; box_shadow_vertical_tablet=&#8221;0px&#8221; box_shadow_blur_tablet=&#8221;40px&#8221; box_shadow_spread_tablet=&#8221;0px&#8221; saved_tabs=&#8221;all&#8221; global_colors_info=&#8221;{}&#8221; locked=&#8221;off&#8221;][et_pb_row use_custom_gutter=&#8221;on&#8221; gutter_width=&#8221;1&#8243; admin_label=&#8221;Row &#8211; Ps Subscribe Footer&#8221; _builder_version=&#8221;4.16&#8243; width=&#8221;100%&#8221; max_width=&#8221;100%&#8221; custom_padding=&#8221;0px||0px|&#8221; custom_css_main_element=&#8221;border-top: 1px solid rgba(20,20,20,0.2);||width: 90% !important;&#8221; use_custom_width=&#8221;on&#8221; width_unit=&#8221;off&#8221; custom_width_percent=&#8221;100%&#8221; global_colors_info=&#8221;{}&#8221;][et_pb_column type=&#8221;4_4&#8243; _builder_version=&#8221;4.16&#8243; background_position=&#8221;top_left&#8221; custom_padding=&#8221;|||&#8221; custom_css_main_element=&#8221;display: flex;||flex-wrap: wrap;&#8221; global_colors_info=&#8221;{}&#8221; custom_padding__hover=&#8221;|||&#8221;][et_pb_image src=&#8221;https:\/\/usa.monteiro-pintogoncalvespartners.com\/wp-content\/uploads\/2021\/11\/Sem-ti\u0301tulo-1.png&#8221; title_text=&#8221;Sem-ti\u0301tulo-1&#8243; align=&#8221;center&#8221; _builder_version=&#8221;4.16&#8243; _module_preset=&#8221;default&#8221; width=&#8221;100%&#8221; max_width=&#8221;300px&#8221; custom_margin=&#8221;50px||||false|false&#8221; global_colors_info=&#8221;{}&#8221;]<br \/>\n[\/et_pb_image][\/et_pb_column][\/et_pb_row][et_pb_row _builder_version=&#8221;4.16&#8243; _module_preset=&#8221;default&#8221; global_colors_info=&#8221;{}&#8221;][et_pb_column type=&#8221;4_4&#8243; _builder_version=&#8221;4.16&#8243; _module_preset=&#8221;default&#8221; global_colors_info=&#8221;{}&#8221;][et_pb_text content_phone=&#8221;<\/p>\n<p style=%22text-align: center;%22>Pol\u00edtica de Privacidade<br \/>Termos e Condi\u00e7\u00f5es<br \/>Centro de Arbitrage<\/p>\n<p>&#8221; content_last_edited=&#8221;off|desktop&#8221; _builder_version=&#8221;4.18.0&#8243; _module_preset=&#8221;default&#8221; text_font=&#8221;Poppins|300|||||||&#8221; text_text_color=&#8221;#ffffff&#8221; text_font_size=&#8221;16px&#8221; custom_margin=&#8221;||13px|||&#8221; locked=&#8221;off&#8221; global_colors_info=&#8221;{}&#8221;]<\/p>\n<p style=\"text-align: center;\"><a href=\"https:\/\/usa.monteiro-pintogoncalvespartners.com\/pt-pt\/politica-de-privacidade\/\" target=\"_blank\" rel=\"noopener\">Pol\u00edtica de Privacidade<\/a> | <a href=\"https:\/\/usa.monteiro-pintogoncalvespartners.com\/pt-pt\/centro-de-arbitragem\/\" target=\"_blank\" rel=\"noopener\">Centro de Arbitragem<\/a><\/p>\n<p>[\/et_pb_text][et_pb_image src=&#8221;https:\/\/usa.monteiro-pintogoncalvespartners.com\/wp-content\/uploads\/2022\/01\/livro_reclamacoes-500x-207-w.png&#8221; title_text=&#8221;livro_reclamacoes-500x-207-w&#8221; url=&#8221;https:\/\/www.livroreclamacoes.pt\/Pedido\/Reclamacao&#8221; url_new_window=&#8221;on&#8221; _builder_version=&#8221;4.18.0&#8243; _module_preset=&#8221;default&#8221; width=&#8221;11%&#8221; width_tablet=&#8221;11%&#8221; width_phone=&#8221;35%&#8221; width_last_edited=&#8221;on|phone&#8221; module_alignment=&#8221;center&#8221; custom_margin=&#8221;24px||||false|false&#8221; global_colors_info=&#8221;{}&#8221;][\/et_pb_image][et_pb_text content_phone=&#8221;<\/p>\n<p style=%22text-align: center;%22>Pol\u00edtica de Privacidade<br \/>Termos e Condi\u00e7\u00f5es<br \/>Centro de Arbitrage<\/p>\n<p>&#8221; content_last_edited=&#8221;off|desktop&#8221; _builder_version=&#8221;4.18.0&#8243; _module_preset=&#8221;default&#8221; text_font=&#8221;Poppins|300|||||||&#8221; text_text_color=&#8221;#ffffff&#8221; text_font_size=&#8221;16px&#8221; custom_margin=&#8221;||61px|||&#8221; global_colors_info=&#8221;{}&#8221;]<\/p>\n<p style=\"text-align: center;\"><span>Design e Desenvolvimento por\u00a0<\/span><a href=\"https:\/\/bestsites.pt\/\" target=\"_blank\" rel=\"noopener\">Bestsites.pt<\/a><\/p>\n<p>[\/et_pb_text][\/et_pb_column][\/et_pb_row][\/et_pb_section]<\/p>\n","protected":false},"excerpt":{"rendered":"<p>rgpd Em caso de lit\u00edgio o consumidor pode recorrer a uma Entidade de Resolu\u00e7\u00e3o Alternativa de Lit\u00edgios de Consumo.\u00a0 Pode consultar a lista das entidades aqui\u00a0https:\/\/www.consumidor.gov.pt\/parceiros\/sistema-de-defesa-do-consumidor\/entidades-de-resolucao-alternativa-de-litigios-de-consumo\/ral-mapa-e-lista-de-entidades.aspx Mais informa\u00e7\u00f5es em Portal do Consumidor\u00a0www.consumidor.gov.pt Pol\u00edtica de Privacidade | Centro de ArbitragemDesign e Desenvolvimento por\u00a0Bestsites.pt<\/p>\n","protected":false},"author":1,"featured_media":0,"parent":0,"menu_order":0,"comment_status":"closed","ping_status":"closed","template":"","meta":{"_et_pb_use_builder":"on","_et_pb_old_content":"","_et_gb_content_width":"","footnotes":""},"class_list":["post-324512","page","type-page","status-publish","hentry"],"_links":{"self":[{"href":"https:\/\/usa.monteiro-pintogoncalvespartners.com\/pt-pt\/wp-json\/wp\/v2\/pages\/324512","targetHints":{"allow":["GET"]}}],"collection":[{"href":"https:\/\/usa.monteiro-pintogoncalvespartners.com\/pt-pt\/wp-json\/wp\/v2\/pages"}],"about":[{"href":"https:\/\/usa.monteiro-pintogoncalvespartners.com\/pt-pt\/wp-json\/wp\/v2\/types\/page"}],"author":[{"embeddable":true,"href":"https:\/\/usa.monteiro-pintogoncalvespartners.com\/pt-pt\/wp-json\/wp\/v2\/users\/1"}],"replies":[{"embeddable":true,"href":"https:\/\/usa.monteiro-pintogoncalvespartners.com\/pt-pt\/wp-json\/wp\/v2\/comments?post=324512"}],"version-history":[{"count":2,"href":"https:\/\/usa.monteiro-pintogoncalvespartners.com\/pt-pt\/wp-json\/wp\/v2\/pages\/324512\/revisions"}],"predecessor-version":[{"id":324602,"href":"https:\/\/usa.monteiro-pintogoncalvespartners.com\/pt-pt\/wp-json\/wp\/v2\/pages\/324512\/revisions\/324602"}],"wp:attachment":[{"href":"https:\/\/usa.monteiro-pintogoncalvespartners.com\/pt-pt\/wp-json\/wp\/v2\/media?parent=324512"}],"curies":[{"name":"wp","href":"https:\/\/api.w.org\/{rel}","templated":true}]}}